{"id":58657,"date":"2023-11-18T00:40:03","date_gmt":"2023-11-17T23:40:03","guid":{"rendered":"https:\/\/switch-it.de\/?post_type=product&#038;p=58657"},"modified":"2026-04-09T11:08:09","modified_gmt":"2026-04-09T11:08:09","slug":"si-g2357","status":"publish","type":"product","link":"https:\/\/switch-it.de\/en\/produkt\/si-g2357\/","title":{"rendered":"SI-G2357"},"content":{"rendered":"<p>switch it kit 2357 schwarz-wei\u00df-t\u00fcrkis-wei\u00df,Ellipse gro\u00df Model:2-002357<\/p>\n","protected":false},"excerpt":{"rendered":"<p>switch it kit 2357 schwarz-wei\u00df-t\u00fcrkis-wei\u00df,Ellipse gro\u00df Model:2-002357<\/p>\n","protected":false},"featured_media":17271,"template":"","meta":[],"product_brand":[],"product_cat":[55,54,40],"product_tag":[],"class_list":{"0":"post-58657","1":"product","2":"type-product","3":"status-publish","4":"has-post-thumbnail","6":"product_cat-alle","7":"product_cat-rabattgruppeartikel","8":"product_cat-switch-it-garnituren","10":"first","11":"instock","12":"taxable","13":"shipping-taxable","14":"purchasable","15":"product-type-simple"},"_links":{"self":[{"href":"https:\/\/switch-it.de\/en\/wp-json\/wp\/v2\/product\/58657","targetHints":{"allow":["GET"]}}],"collection":[{"href":"https:\/\/switch-it.de\/en\/wp-json\/wp\/v2\/product"}],"about":[{"href":"https:\/\/switch-it.de\/en\/wp-json\/wp\/v2\/types\/product"}],"wp:featuredmedia":[{"embeddable":true,"href":"https:\/\/switch-it.de\/en\/wp-json\/wp\/v2\/media\/17271"}],"wp:attachment":[{"href":"https:\/\/switch-it.de\/en\/wp-json\/wp\/v2\/media?parent=58657"}],"wp:term":[{"taxonomy":"product_brand","embeddable":true,"href":"https:\/\/switch-it.de\/en\/wp-json\/wp\/v2\/product_brand?post=58657"},{"taxonomy":"product_cat","embeddable":true,"href":"https:\/\/switch-it.de\/en\/wp-json\/wp\/v2\/product_cat?post=58657"},{"taxonomy":"product_tag","embeddable":true,"href":"https:\/\/switch-it.de\/en\/wp-json\/wp\/v2\/product_tag?post=58657"}],"curies":[{"name":"wp","href":"https:\/\/api.w.org\/{rel}","templated":true}]}}