{"id":60884,"date":"2025-03-18T16:01:57","date_gmt":"2025-03-18T15:01:57","guid":{"rendered":"https:\/\/switch-it.de\/?post_type=product&#038;p=60884"},"modified":"2026-04-03T12:12:48","modified_gmt":"2026-04-03T12:12:48","slug":"e-switch-bar-1860muenchen2","status":"publish","type":"product","link":"https:\/\/switch-it.de\/en\/produkt\/e-switch-bar-1860muenchen2\/","title":{"rendered":"E-SWITCH-BAR-1860M\u00dcNCHEN2"},"content":{"rendered":"<p>Backe rechts schmal f\u00fcr Modell 1860 M\u00fcnchen2 hellblau Model:2-100079<\/p>\n","protected":false},"excerpt":{"rendered":"<p>Backe rechts schmal f\u00fcr Modell 1860 M\u00fcnchen2 hellblau Model:2-100079<\/p>\n","protected":false},"featured_media":0,"template":"","meta":[],"product_brand":[],"product_cat":[56,50],"product_tag":[],"class_list":{"0":"post-60884","1":"product","2":"type-product","3":"status-publish","5":"product_cat-haendler","6":"product_cat-ersatzteile","8":"first","9":"instock","10":"taxable","11":"shipping-taxable","12":"purchasable","13":"product-type-simple"},"_links":{"self":[{"href":"https:\/\/switch-it.de\/en\/wp-json\/wp\/v2\/product\/60884","targetHints":{"allow":["GET"]}}],"collection":[{"href":"https:\/\/switch-it.de\/en\/wp-json\/wp\/v2\/product"}],"about":[{"href":"https:\/\/switch-it.de\/en\/wp-json\/wp\/v2\/types\/product"}],"wp:attachment":[{"href":"https:\/\/switch-it.de\/en\/wp-json\/wp\/v2\/media?parent=60884"}],"wp:term":[{"taxonomy":"product_brand","embeddable":true,"href":"https:\/\/switch-it.de\/en\/wp-json\/wp\/v2\/product_brand?post=60884"},{"taxonomy":"product_cat","embeddable":true,"href":"https:\/\/switch-it.de\/en\/wp-json\/wp\/v2\/product_cat?post=60884"},{"taxonomy":"product_tag","embeddable":true,"href":"https:\/\/switch-it.de\/en\/wp-json\/wp\/v2\/product_tag?post=60884"}],"curies":[{"name":"wp","href":"https:\/\/api.w.org\/{rel}","templated":true}]}}