{"id":65507,"date":"2025-03-18T16:04:51","date_gmt":"2025-03-18T15:04:51","guid":{"rendered":"https:\/\/switch-it.de\/?post_type=product&#038;p=65507"},"modified":"2026-04-03T13:19:30","modified_gmt":"2026-04-03T13:19:30","slug":"e-switch-be-nuernberg","status":"publish","type":"product","link":"https:\/\/switch-it.de\/en\/produkt\/e-switch-be-nuernberg\/","title":{"rendered":"E-SWITCH-BE-N\u00dcRNBERG"},"content":{"rendered":"<p>B\u00fcgelenden f\u00fcr Modell &#8220;N\u00fcrnberg&#8221; transparent Model:2-100097<\/p>\n","protected":false},"excerpt":{"rendered":"<p>B\u00fcgelenden f\u00fcr Modell &#8220;N\u00fcrnberg&#8221; transparent Model:2-100097<\/p>\n","protected":false},"featured_media":0,"template":"","meta":[],"product_brand":[],"product_cat":[56,50],"product_tag":[],"class_list":{"0":"post-65507","1":"product","2":"type-product","3":"status-publish","5":"product_cat-haendler","6":"product_cat-ersatzteile","8":"first","9":"instock","10":"taxable","11":"shipping-taxable","12":"purchasable","13":"product-type-simple"},"_links":{"self":[{"href":"https:\/\/switch-it.de\/en\/wp-json\/wp\/v2\/product\/65507","targetHints":{"allow":["GET"]}}],"collection":[{"href":"https:\/\/switch-it.de\/en\/wp-json\/wp\/v2\/product"}],"about":[{"href":"https:\/\/switch-it.de\/en\/wp-json\/wp\/v2\/types\/product"}],"wp:attachment":[{"href":"https:\/\/switch-it.de\/en\/wp-json\/wp\/v2\/media?parent=65507"}],"wp:term":[{"taxonomy":"product_brand","embeddable":true,"href":"https:\/\/switch-it.de\/en\/wp-json\/wp\/v2\/product_brand?post=65507"},{"taxonomy":"product_cat","embeddable":true,"href":"https:\/\/switch-it.de\/en\/wp-json\/wp\/v2\/product_cat?post=65507"},{"taxonomy":"product_tag","embeddable":true,"href":"https:\/\/switch-it.de\/en\/wp-json\/wp\/v2\/product_tag?post=65507"}],"curies":[{"name":"wp","href":"https:\/\/api.w.org\/{rel}","templated":true}]}}