{"id":69646,"date":"2023-11-17T23:51:50","date_gmt":"2023-11-17T22:51:50","guid":{"rendered":"https:\/\/switch-it.de\/?post_type=product&#038;p=69646"},"modified":"2026-05-01T10:46:53","modified_gmt":"2026-05-01T10:46:53","slug":"si-g0674a","status":"publish","type":"product","link":"https:\/\/switch-it.de\/en\/produkt\/si-g0674a\/","title":{"rendered":"SI-G0674A"},"content":{"rendered":"<p>switch it kit 0674A hellgr\u00fcn,hellgr\u00fcn-gr\u00fcn-schwarz Model:2-000674<\/p>\n","protected":false},"excerpt":{"rendered":"<p>switch it kit 0674A hellgr\u00fcn,hellgr\u00fcn-gr\u00fcn-schwarz Model:2-000674<\/p>\n","protected":false},"featured_media":33610,"template":"","meta":[],"product_brand":[],"product_cat":[55,54,40],"product_tag":[],"class_list":{"0":"post-69646","1":"product","2":"type-product","3":"status-publish","4":"has-post-thumbnail","6":"product_cat-alle","7":"product_cat-rabattgruppeartikel","8":"product_cat-switch-it-garnituren","10":"first","11":"instock","12":"taxable","13":"shipping-taxable","14":"purchasable","15":"product-type-simple"},"_links":{"self":[{"href":"https:\/\/switch-it.de\/en\/wp-json\/wp\/v2\/product\/69646","targetHints":{"allow":["GET"]}}],"collection":[{"href":"https:\/\/switch-it.de\/en\/wp-json\/wp\/v2\/product"}],"about":[{"href":"https:\/\/switch-it.de\/en\/wp-json\/wp\/v2\/types\/product"}],"wp:featuredmedia":[{"embeddable":true,"href":"https:\/\/switch-it.de\/en\/wp-json\/wp\/v2\/media\/33610"}],"wp:attachment":[{"href":"https:\/\/switch-it.de\/en\/wp-json\/wp\/v2\/media?parent=69646"}],"wp:term":[{"taxonomy":"product_brand","embeddable":true,"href":"https:\/\/switch-it.de\/en\/wp-json\/wp\/v2\/product_brand?post=69646"},{"taxonomy":"product_cat","embeddable":true,"href":"https:\/\/switch-it.de\/en\/wp-json\/wp\/v2\/product_cat?post=69646"},{"taxonomy":"product_tag","embeddable":true,"href":"https:\/\/switch-it.de\/en\/wp-json\/wp\/v2\/product_tag?post=69646"}],"curies":[{"name":"wp","href":"https:\/\/api.w.org\/{rel}","templated":true}]}}