{"id":71153,"date":"2025-03-18T16:06:09","date_gmt":"2025-03-18T15:06:09","guid":{"rendered":"https:\/\/switch-it.de\/?post_type=product&#038;p=71153"},"modified":"2026-04-03T06:41:58","modified_gmt":"2026-04-03T06:41:58","slug":"e-switch-br-koeln-transp","status":"publish","type":"product","link":"https:\/\/switch-it.de\/en\/produkt\/e-switch-br-koeln-transp\/","title":{"rendered":"E-SWITCH-BR-K\u00f6ln-transp."},"content":{"rendered":"<p>B\u00fcgel rechts f\u00fcr Modell&#8221;K\u00f6ln  Model:2-100076<\/p>\n","protected":false},"excerpt":{"rendered":"<p>B\u00fcgel rechts f\u00fcr Modell&#8221;K\u00f6ln Model:2-100076<\/p>\n","protected":false},"featured_media":0,"template":"","meta":[],"product_brand":[],"product_cat":[56,50],"product_tag":[],"class_list":{"0":"post-71153","1":"product","2":"type-product","3":"status-publish","5":"product_cat-haendler","6":"product_cat-ersatzteile","8":"first","9":"instock","10":"taxable","11":"shipping-taxable","12":"purchasable","13":"product-type-simple"},"_links":{"self":[{"href":"https:\/\/switch-it.de\/en\/wp-json\/wp\/v2\/product\/71153","targetHints":{"allow":["GET"]}}],"collection":[{"href":"https:\/\/switch-it.de\/en\/wp-json\/wp\/v2\/product"}],"about":[{"href":"https:\/\/switch-it.de\/en\/wp-json\/wp\/v2\/types\/product"}],"wp:attachment":[{"href":"https:\/\/switch-it.de\/en\/wp-json\/wp\/v2\/media?parent=71153"}],"wp:term":[{"taxonomy":"product_brand","embeddable":true,"href":"https:\/\/switch-it.de\/en\/wp-json\/wp\/v2\/product_brand?post=71153"},{"taxonomy":"product_cat","embeddable":true,"href":"https:\/\/switch-it.de\/en\/wp-json\/wp\/v2\/product_cat?post=71153"},{"taxonomy":"product_tag","embeddable":true,"href":"https:\/\/switch-it.de\/en\/wp-json\/wp\/v2\/product_tag?post=71153"}],"curies":[{"name":"wp","href":"https:\/\/api.w.org\/{rel}","templated":true}]}}