{"id":72684,"date":"2025-03-18T16:03:09","date_gmt":"2025-03-18T15:03:09","guid":{"rendered":"https:\/\/switch-it.de\/?post_type=product&#038;p=72684"},"modified":"2026-04-03T05:32:27","modified_gmt":"2026-04-03T05:32:27","slug":"e-switch-bar-nuernberg","status":"publish","type":"product","link":"https:\/\/switch-it.de\/en\/produkt\/e-switch-bar-nuernberg\/","title":{"rendered":"E-SWITCH-BAR-N\u00fcrnberg"},"content":{"rendered":"<p>Backe rechts breit f\u00fcr Modell &#8220;N\u00fcrnberg&#8221; transparent Model:2-100097<\/p>\n","protected":false},"excerpt":{"rendered":"<p>Backe rechts breit f\u00fcr Modell &#8220;N\u00fcrnberg&#8221; transparent Model:2-100097<\/p>\n","protected":false},"featured_media":0,"template":"","meta":[],"product_brand":[],"product_cat":[56,50],"product_tag":[],"class_list":{"0":"post-72684","1":"product","2":"type-product","3":"status-publish","5":"product_cat-haendler","6":"product_cat-ersatzteile","8":"first","9":"instock","10":"taxable","11":"shipping-taxable","12":"purchasable","13":"product-type-simple"},"_links":{"self":[{"href":"https:\/\/switch-it.de\/en\/wp-json\/wp\/v2\/product\/72684","targetHints":{"allow":["GET"]}}],"collection":[{"href":"https:\/\/switch-it.de\/en\/wp-json\/wp\/v2\/product"}],"about":[{"href":"https:\/\/switch-it.de\/en\/wp-json\/wp\/v2\/types\/product"}],"wp:attachment":[{"href":"https:\/\/switch-it.de\/en\/wp-json\/wp\/v2\/media?parent=72684"}],"wp:term":[{"taxonomy":"product_brand","embeddable":true,"href":"https:\/\/switch-it.de\/en\/wp-json\/wp\/v2\/product_brand?post=72684"},{"taxonomy":"product_cat","embeddable":true,"href":"https:\/\/switch-it.de\/en\/wp-json\/wp\/v2\/product_cat?post=72684"},{"taxonomy":"product_tag","embeddable":true,"href":"https:\/\/switch-it.de\/en\/wp-json\/wp\/v2\/product_tag?post=72684"}],"curies":[{"name":"wp","href":"https:\/\/api.w.org\/{rel}","templated":true}]}}